{"id":42,"date":"2026-04-04T10:26:42","date_gmt":"2026-04-04T10:26:42","guid":{"rendered":"https:\/\/pakaros.com\/?page_id=42"},"modified":"2026-04-04T22:17:39","modified_gmt":"2026-04-04T22:17:39","slug":"inicio","status":"publish","type":"page","link":"https:\/\/pakaros.com\/?page_id=42&lang=pt","title":{"rendered":"In\u00edcio"},"content":{"rendered":"\n<p><strong>Seguran\u00e7a real. Sem ru\u00eddo. Sem complica\u00e7\u00f5es.<\/strong><\/p>\n\n\n\n<p>A maioria das organiza\u00e7\u00f5es n\u00e3o tem falta de ferramentas \u2014 tem falta de controlo.<\/p>\n\n\n\n<p>Demasiados sistemas isolados. Demasiados alertas. Nenhuma responsabilidade clara quando algo acontece.<\/p>\n\n\n\n<p>A Pakaros resolve isso.<\/p>\n\n\n\n<p>Fornecemos um SOC unificado onde monitoriza\u00e7\u00e3o, dete\u00e7\u00e3o e resposta funcionam como um sistema \u00fanico. N\u00e3o \u00e9 um conjunto de ferramentas, \u00e9 uma capacidade operacional cont\u00ednua.<\/p>\n\n\n\n<h3 class=\"wp-block-heading\">O que isto significa para si<\/h3>\n\n\n\n<ul class=\"wp-block-list\">\n<li>Visibilidade real sobre o que importa<\/li>\n\n\n\n<li>Incidentes tratados no momento certo<\/li>\n\n\n\n<li>Menos ru\u00eddo e mais sinais relevantes<\/li>\n\n\n\n<li>Um \u00fanico parceiro respons\u00e1vel<\/li>\n<\/ul>\n\n\n\n<h3 class=\"wp-block-heading\">Como fazemos<\/h3>\n\n\n\n<p>A Pakaros assenta numa plataforma europeia comprovada (Elastic) e foi desenhada para ambientes reais.<\/p>\n\n\n\n<p>Combinamos:<\/p>\n\n\n\n<ul class=\"wp-block-list\">\n<li>Monitoriza\u00e7\u00e3o e dete\u00e7\u00e3o 24\/7<\/li>\n\n\n\n<li>Threat hunting ativo<\/li>\n\n\n\n<li>Resposta imediata a incidentes<\/li>\n\n\n\n<li>Melhoria cont\u00ednua da seguran\u00e7a<\/li>\n<\/ul>\n\n\n\n<p>Sem dashboards confusos. Sem relat\u00f3rios sem a\u00e7\u00e3o.<\/p>\n\n\n\n<p>N\u00f3s fazemos o trabalho. Voc\u00ea mant\u00e9m o controlo.<\/p>\n\n\n\n<h3 class=\"wp-block-heading\">Porque Pakaros<\/h3>\n\n\n\n<ul class=\"wp-block-list\">\n<li>Base europeia e foco em privacidade<\/li>\n\n\n\n<li>Sem lock-in de fornecedor<\/li>\n\n\n\n<li>Transparente e audit\u00e1vel<\/li>\n\n\n\n<li>Adaptado a PME e enterprise<\/li>\n<\/ul>\n\n\n\n<h3 class=\"wp-block-heading\">Resultado<\/h3>\n\n\n\n<p>Sabe o que est\u00e1 a acontecer. Sabe o que est\u00e1 a ser feito. E sabe que est\u00e1 sob controlo.<\/p>\n","protected":false},"excerpt":{"rendered":"<p>Seguran\u00e7a real. Sem ru\u00eddo. Sem complica\u00e7\u00f5es. A maioria das organiza\u00e7\u00f5es n\u00e3o tem falta de ferramentas \u2014 tem falta de controlo. Demasiados sistemas isolados. Demasiados alertas. Nenhuma responsabilidade clara quando algo acontece. A Pakaros resolve isso. Fornecemos um SOC unificado onde monitoriza\u00e7\u00e3o, dete\u00e7\u00e3o e resposta funcionam como um sistema \u00fanico. N\u00e3o \u00e9 um conjunto de ferramentas,&#8230;<\/p>\n<p class=\"more-link\"><a href=\"https:\/\/pakaros.com\/?page_id=42&#038;lang=pt\" class=\"\"><span>Read More<\/span><i>&#43;<\/i><\/a><\/p>\n","protected":false},"author":1,"featured_media":0,"parent":0,"menu_order":0,"comment_status":"closed","ping_status":"closed","template":"","meta":{"footnotes":""},"categories":[],"tags":[],"class_list":["post-42","page","type-page","status-publish","hentry"],"_links":{"self":[{"href":"https:\/\/pakaros.com\/index.php?rest_route=\/wp\/v2\/pages\/42","targetHints":{"allow":["GET"]}}],"collection":[{"href":"https:\/\/pakaros.com\/index.php?rest_route=\/wp\/v2\/pages"}],"about":[{"href":"https:\/\/pakaros.com\/index.php?rest_route=\/wp\/v2\/types\/page"}],"author":[{"embeddable":true,"href":"https:\/\/pakaros.com\/index.php?rest_route=\/wp\/v2\/users\/1"}],"replies":[{"embeddable":true,"href":"https:\/\/pakaros.com\/index.php?rest_route=%2Fwp%2Fv2%2Fcomments&post=42"}],"version-history":[{"count":2,"href":"https:\/\/pakaros.com\/index.php?rest_route=\/wp\/v2\/pages\/42\/revisions"}],"predecessor-version":[{"id":78,"href":"https:\/\/pakaros.com\/index.php?rest_route=\/wp\/v2\/pages\/42\/revisions\/78"}],"wp:attachment":[{"href":"https:\/\/pakaros.com\/index.php?rest_route=%2Fwp%2Fv2%2Fmedia&parent=42"}],"wp:term":[{"taxonomy":"category","embeddable":true,"href":"https:\/\/pakaros.com\/index.php?rest_route=%2Fwp%2Fv2%2Fcategories&post=42"},{"taxonomy":"post_tag","embeddable":true,"href":"https:\/\/pakaros.com\/index.php?rest_route=%2Fwp%2Fv2%2Ftags&post=42"}],"curies":[{"name":"wp","href":"https:\/\/api.w.org\/{rel}","templated":true}]}}