{"id":44,"date":"2026-04-04T10:27:25","date_gmt":"2026-04-04T10:27:25","guid":{"rendered":"https:\/\/pakaros.com\/?page_id=44"},"modified":"2026-04-04T22:19:20","modified_gmt":"2026-04-04T22:19:20","slug":"inicio-2","status":"publish","type":"page","link":"https:\/\/pakaros.com\/?page_id=44&lang=es","title":{"rendered":"Inicio"},"content":{"rendered":"\n<p><strong>Seguridad real. Sin ruido. Sin incertidumbre.<\/strong><\/p>\n\n\n\n<p>La mayor\u00eda de las organizaciones no tienen falta de herramientas \u2014 tienen falta de claridad.<\/p>\n\n\n\n<p>Demasiados sistemas desconectados. Demasiadas alertas. Ninguna responsabilidad clara cuando ocurre un incidente.<\/p>\n\n\n\n<p>Pakaros resuelve esto.<\/p>\n\n\n\n<p>Ofrecemos un servicio SOC unificado donde monitorizaci\u00f3n, detecci\u00f3n y respuesta funcionan como un \u00fanico sistema. No es un conjunto de productos, sino una capacidad operativa continua.<\/p>\n\n\n\n<h3 class=\"wp-block-heading\">Qu\u00e9 significa para usted<\/h3>\n\n\n\n<ul class=\"wp-block-list\">\n<li>Visibilidad real de lo que importa<\/li>\n\n\n\n<li>Incidentes gestionados en el momento, no despu\u00e9s del da\u00f1o<\/li>\n\n\n\n<li>Menos ruido y m\u00e1s se\u00f1ales \u00fatiles<\/li>\n\n\n\n<li>Un \u00fanico responsable, no m\u00faltiples proveedores<\/li>\n<\/ul>\n\n\n\n<h3 class=\"wp-block-heading\">C\u00f3mo lo hacemos<\/h3>\n\n\n\n<p>Pakaros se basa en una plataforma europea probada (Elastic) y est\u00e1 dise\u00f1ado para entornos reales.<\/p>\n\n\n\n<p>Combinamos:<\/p>\n\n\n\n<ul class=\"wp-block-list\">\n<li>Monitorizaci\u00f3n y detecci\u00f3n 24\/7<\/li>\n\n\n\n<li>Threat hunting activo<\/li>\n\n\n\n<li>Respuesta inmediata a incidentes<\/li>\n\n\n\n<li>Mejora continua de la seguridad<\/li>\n<\/ul>\n\n\n\n<p>Sin dashboards complejos. Sin informes sin acci\u00f3n.<\/p>\n\n\n\n<p>Nosotros hacemos el trabajo. Usted mantiene el control.<\/p>\n\n\n\n<h3 class=\"wp-block-heading\">Por qu\u00e9 Pakaros<\/h3>\n\n\n\n<ul class=\"wp-block-list\">\n<li>Enfoque europeo y centrado en privacidad<\/li>\n\n\n\n<li>Sin dependencia de proveedores<\/li>\n\n\n\n<li>Transparente y auditable<\/li>\n\n\n\n<li>Dise\u00f1ado para pymes y grandes organizaciones<\/li>\n<\/ul>\n\n\n\n<h3 class=\"wp-block-heading\">Resultado<\/h3>\n\n\n\n<p>Sabe lo que ocurre. Sabe qu\u00e9 se est\u00e1 haciendo. Y sabe que est\u00e1 bajo control.<\/p>\n","protected":false},"excerpt":{"rendered":"<p>Seguridad real. Sin ruido. Sin incertidumbre. La mayor\u00eda de las organizaciones no tienen falta de herramientas \u2014 tienen falta de claridad. Demasiados sistemas desconectados. Demasiadas alertas. Ninguna responsabilidad clara cuando ocurre un incidente. Pakaros resuelve esto. Ofrecemos un servicio SOC unificado donde monitorizaci\u00f3n, detecci\u00f3n y respuesta funcionan como un \u00fanico sistema. No es un conjunto&#8230;<\/p>\n<p class=\"more-link\"><a href=\"https:\/\/pakaros.com\/?page_id=44&#038;lang=es\" class=\"\"><span>Read More<\/span><i>&#43;<\/i><\/a><\/p>\n","protected":false},"author":1,"featured_media":0,"parent":0,"menu_order":0,"comment_status":"closed","ping_status":"closed","template":"","meta":{"footnotes":""},"categories":[],"tags":[],"class_list":["post-44","page","type-page","status-publish","hentry"],"_links":{"self":[{"href":"https:\/\/pakaros.com\/index.php?rest_route=\/wp\/v2\/pages\/44","targetHints":{"allow":["GET"]}}],"collection":[{"href":"https:\/\/pakaros.com\/index.php?rest_route=\/wp\/v2\/pages"}],"about":[{"href":"https:\/\/pakaros.com\/index.php?rest_route=\/wp\/v2\/types\/page"}],"author":[{"embeddable":true,"href":"https:\/\/pakaros.com\/index.php?rest_route=\/wp\/v2\/users\/1"}],"replies":[{"embeddable":true,"href":"https:\/\/pakaros.com\/index.php?rest_route=%2Fwp%2Fv2%2Fcomments&post=44"}],"version-history":[{"count":2,"href":"https:\/\/pakaros.com\/index.php?rest_route=\/wp\/v2\/pages\/44\/revisions"}],"predecessor-version":[{"id":79,"href":"https:\/\/pakaros.com\/index.php?rest_route=\/wp\/v2\/pages\/44\/revisions\/79"}],"wp:attachment":[{"href":"https:\/\/pakaros.com\/index.php?rest_route=%2Fwp%2Fv2%2Fmedia&parent=44"}],"wp:term":[{"taxonomy":"category","embeddable":true,"href":"https:\/\/pakaros.com\/index.php?rest_route=%2Fwp%2Fv2%2Fcategories&post=44"},{"taxonomy":"post_tag","embeddable":true,"href":"https:\/\/pakaros.com\/index.php?rest_route=%2Fwp%2Fv2%2Ftags&post=44"}],"curies":[{"name":"wp","href":"https:\/\/api.w.org\/{rel}","templated":true}]}}